{"id":2385,"date":"2022-09-12T21:20:25","date_gmt":"2022-09-12T19:20:25","guid":{"rendered":"https:\/\/festiwal.rockradio.pl\/?page_id=2385"},"modified":"2022-09-12T21:20:25","modified_gmt":"2022-09-12T19:20:25","slug":"baboki-jury-zdecydowalo-laureaci-festiwalu-klasyki-rocka-2022","status":"publish","type":"page","link":"https:\/\/festiwal.rockradio.pl\/?page_id=2385","title":{"rendered":"BABOKI! &#8211; Jury zdecydowa\u0142o! Laureaci Festiwalu Klasyki Rocka 2022"},"content":{"rendered":"\n<p>Jury tegorocznego festiwalu pod os\u0142uchaniu wszystkich nagra\u0144 konkursowych niemal jednog\u0142o\u015bnie zadecydowa\u0142o!<\/p>\n\n\n\n<p>BABOKI! g\u0142osami Jury zajmuj\u0105 pierwsze miejsce w tegorocznym Festiwalu Klasyki Rocka!<\/p>\n\n\n\n<figure class=\"wp-block-embed is-type-rich is-provider-obsluga-osadzania wp-block-embed-obsluga-osadzania wp-embed-aspect-16-9 wp-has-aspect-ratio\"><div class=\"wp-block-embed__wrapper\">\n<iframe loading=\"lazy\" title=\"Festiwal Klasyki Rocka - Baboki! - Kazik na \u017bywo - Tata Dilera [Rock Radio]\" width=\"800\" height=\"450\" src=\"https:\/\/www.youtube.com\/embed\/OA-zDIyYYvQ?feature=oembed\" frameborder=\"0\" allow=\"accelerometer; autoplay; clipboard-write; encrypted-media; gyroscope; picture-in-picture\" allowfullscreen><\/iframe>\n<\/div><figcaption>Baboki to energetyczny, sarkastyczny i odrobin\u0119 bezczelny garage rock, wyra\u017anie inspirowany latami siedemdziesi\u0105tymi, lecz brzmieniowo osadzony w aktualnych realiach.\u00a0<br>Baboki skupiaj\u0105 si\u0119 na muzyce autorskiej, jednak na ich koncertach nie zabraknie r\u00f3wnie\u017c polskich klasyk\u00f3w rocka i bluesa w zupe\u0142nie nowych, niecodziennych aran\u017cacjach.\u00a0<br>W 2021 roku Baboki wyda\u0142y sw\u00f3j drugi album p.t. \u201eC:\\EP_2021.DMG\u201d. Pochodz\u0105cy z p\u0142yty numer \u201eBla Bla Bla\u201d zosta\u0142 zaprezentowany jako \u201ePiosenka Dnia\u201d na antenie Radiospacji, a nast\u0119pnie przez dziewi\u0119\u0107 tygodni pi\u0105\u0142 si\u0119 w g\u00f3r\u0119 tamtejszej listy przeboj\u00f3w, w szczycie zajmuj\u0105c pi\u0105te miejsce. W tym samym czasie Radio Piekary w jednym z przegl\u0105d\u00f3w muzycznych wyr\u00f3\u017cni\u0142o Baboki nagrod\u0105 specjaln\u0105, natomiast Rock Radio w ramach Festiwalu Klasyki Rocka zaprosi\u0142o ich do zagrania koncertu w Hard Rock Cafe Warszawa, gdzie w og\u00f3lnopolskim finale zesp\u00f3\u0142 zaj\u0105\u0142 trzecie miejsce. We wrze\u015bniu 2021 roku Baboki wraz z raperami Buka i K2 nagrali utw\u00f3r \u201eKamienie\u201d, wydany przez wytw\u00f3rni\u0119 MyMusic, do kt\u00f3rego powsta\u0142 teledysk.<br>Obecnie Baboki skupiaj\u0105 si\u0119 na koncertach promuj\u0105cych drugi album. Rok 2022 u Babok\u00f3w rozpocz\u0105\u0142 si\u0119 wyst\u0119pem w programie \u201eDej Poz\u00f3r\u201d emitowanym na antenie TVP3 Katowice, nast\u0119pnie dali szereg koncert\u00f3w, <a class=\"\" href=\"http:\/\/m.in\" target=\"_blank\" rel=\"noreferrer noopener\">m.in<\/a>. podczas Snowdrops Festival w Cz\u0119stochowskiej Rurze oraz w klubie CK Wiatrak Zabrze wraz z raperami K2 i Kleszczem.<\/figcaption><\/figure>\n","protected":false},"excerpt":{"rendered":"<p>Jury tegorocznego festiwalu pod os\u0142uchaniu wszystkich nagra\u0144 konkursowych niemal jednog\u0142o\u015bnie zadecydowa\u0142o! BABOKI! g\u0142osami Jury zajmuj\u0105 pierwsze miejsce w tegorocznym Festiwalu Klasyki Rocka!<\/p>\n","protected":false},"author":2,"featured_media":2250,"parent":0,"menu_order":0,"comment_status":"closed","ping_status":"closed","template":"","meta":{"footnotes":""},"class_list":["post-2385","page","type-page","status-publish","has-post-thumbnail","hentry"],"yoast_head":"<!-- This site is optimized with the Yoast SEO plugin v26.7 - https:\/\/yoast.com\/wordpress\/plugins\/seo\/ -->\n<title>BABOKI! - Jury zdecydowa\u0142o! Laureaci Festiwalu Klasyki Rocka 2022 - Festiwal Klasyki Rocka<\/title>\n<meta name=\"description\" content=\"Sprawd\u017a aktualne informacje o Festiwalu Klasyki Rocka w 2022r.\" \/>\n<meta name=\"robots\" content=\"index, follow, max-snippet:-1, max-image-preview:large, max-video-preview:-1\" \/>\n<link rel=\"canonical\" href=\"https:\/\/festiwal.rockradio.pl\/?page_id=2385\" \/>\n<meta property=\"og:locale\" content=\"pl_PL\" \/>\n<meta property=\"og:type\" content=\"article\" \/>\n<meta property=\"og:title\" content=\"BABOKI! - Jury zdecydowa\u0142o! Laureaci Festiwalu Klasyki Rocka 2022 - Festiwal Klasyki Rocka\" \/>\n<meta property=\"og:description\" content=\"Sprawd\u017a aktualne informacje o Festiwalu Klasyki Rocka w 2022r.\" \/>\n<meta property=\"og:url\" content=\"https:\/\/festiwal.rockradio.pl\/?page_id=2385\" \/>\n<meta property=\"og:site_name\" content=\"Festiwal Klasyki Rocka\" \/>\n<meta property=\"article:publisher\" content=\"https:\/\/www.facebook.com\/rockradiopl\/\" \/>\n<meta property=\"og:image\" content=\"https:\/\/festiwal.rockradio.pl\/wp-content\/uploads\/2022\/05\/Baboki.jpg\" \/>\n\t<meta property=\"og:image:width\" content=\"1280\" \/>\n\t<meta property=\"og:image:height\" content=\"1280\" \/>\n\t<meta property=\"og:image:type\" content=\"image\/jpeg\" \/>\n<meta name=\"twitter:card\" content=\"summary_large_image\" \/>\n<meta name=\"twitter:label1\" content=\"Szacowany czas czytania\" \/>\n\t<meta name=\"twitter:data1\" content=\"2 minuty\" \/>\n<script type=\"application\/ld+json\" class=\"yoast-schema-graph\">{\"@context\":\"https:\/\/schema.org\",\"@graph\":[{\"@type\":\"WebPage\",\"@id\":\"https:\/\/festiwal.rockradio.pl\/?page_id=2385\",\"url\":\"https:\/\/festiwal.rockradio.pl\/?page_id=2385\",\"name\":\"BABOKI! - Jury zdecydowa\u0142o! Laureaci Festiwalu Klasyki Rocka 2022 - Festiwal Klasyki Rocka\",\"isPartOf\":{\"@id\":\"https:\/\/festiwal.rockradio.pl\/#website\"},\"primaryImageOfPage\":{\"@id\":\"https:\/\/festiwal.rockradio.pl\/?page_id=2385#primaryimage\"},\"image\":{\"@id\":\"https:\/\/festiwal.rockradio.pl\/?page_id=2385#primaryimage\"},\"thumbnailUrl\":\"https:\/\/festiwal.rockradio.pl\/wp-content\/uploads\/2022\/05\/Baboki.jpg\",\"datePublished\":\"2022-09-12T19:20:25+00:00\",\"description\":\"Sprawd\u017a aktualne informacje o Festiwalu Klasyki Rocka w 2022r.\",\"breadcrumb\":{\"@id\":\"https:\/\/festiwal.rockradio.pl\/?page_id=2385#breadcrumb\"},\"inLanguage\":\"pl-PL\",\"potentialAction\":[{\"@type\":\"ReadAction\",\"target\":[\"https:\/\/festiwal.rockradio.pl\/?page_id=2385\"]}]},{\"@type\":\"ImageObject\",\"inLanguage\":\"pl-PL\",\"@id\":\"https:\/\/festiwal.rockradio.pl\/?page_id=2385#primaryimage\",\"url\":\"https:\/\/festiwal.rockradio.pl\/wp-content\/uploads\/2022\/05\/Baboki.jpg\",\"contentUrl\":\"https:\/\/festiwal.rockradio.pl\/wp-content\/uploads\/2022\/05\/Baboki.jpg\",\"width\":1280,\"height\":1280,\"caption\":\"Fot. Baboki\"},{\"@type\":\"BreadcrumbList\",\"@id\":\"https:\/\/festiwal.rockradio.pl\/?page_id=2385#breadcrumb\",\"itemListElement\":[{\"@type\":\"ListItem\",\"position\":1,\"name\":\"Festiwal Klasyki Rocka\",\"item\":\"https:\/\/festiwal.rockradio.pl\/\"},{\"@type\":\"ListItem\",\"position\":2,\"name\":\"BABOKI! &#8211; Jury zdecydowa\u0142o! Laureaci Festiwalu Klasyki Rocka 2022\"}]},{\"@type\":\"WebSite\",\"@id\":\"https:\/\/festiwal.rockradio.pl\/#website\",\"url\":\"https:\/\/festiwal.rockradio.pl\/\",\"name\":\"Festiwal Klasyki Rocka\",\"description\":\"\",\"publisher\":{\"@id\":\"https:\/\/festiwal.rockradio.pl\/#organization\"},\"potentialAction\":[{\"@type\":\"SearchAction\",\"target\":{\"@type\":\"EntryPoint\",\"urlTemplate\":\"https:\/\/festiwal.rockradio.pl\/?s={search_term_string}\"},\"query-input\":{\"@type\":\"PropertyValueSpecification\",\"valueRequired\":true,\"valueName\":\"search_term_string\"}}],\"inLanguage\":\"pl-PL\"},{\"@type\":\"Organization\",\"@id\":\"https:\/\/festiwal.rockradio.pl\/#organization\",\"name\":\"Festiwal Klasyki Rocka\",\"url\":\"https:\/\/festiwal.rockradio.pl\/\",\"logo\":{\"@type\":\"ImageObject\",\"inLanguage\":\"pl-PL\",\"@id\":\"https:\/\/festiwal.rockradio.pl\/#\/schema\/logo\/image\/\",\"url\":\"https:\/\/festiwal.rockradio.pl\/wp-content\/uploads\/2022\/04\/cropped-logo-na-www.png\",\"contentUrl\":\"https:\/\/festiwal.rockradio.pl\/wp-content\/uploads\/2022\/04\/cropped-logo-na-www.png\",\"width\":1000,\"height\":1000,\"caption\":\"Festiwal Klasyki Rocka\"},\"image\":{\"@id\":\"https:\/\/festiwal.rockradio.pl\/#\/schema\/logo\/image\/\"},\"sameAs\":[\"https:\/\/www.facebook.com\/rockradiopl\/\",\"https:\/\/www.instagram.com\/rock_radio\/\"]}]}<\/script>\n<!-- \/ Yoast SEO plugin. -->","yoast_head_json":{"title":"BABOKI! - Jury zdecydowa\u0142o! Laureaci Festiwalu Klasyki Rocka 2022 - Festiwal Klasyki Rocka","description":"Sprawd\u017a aktualne informacje o Festiwalu Klasyki Rocka w 2022r.","robots":{"index":"index","follow":"follow","max-snippet":"max-snippet:-1","max-image-preview":"max-image-preview:large","max-video-preview":"max-video-preview:-1"},"canonical":"https:\/\/festiwal.rockradio.pl\/?page_id=2385","og_locale":"pl_PL","og_type":"article","og_title":"BABOKI! - Jury zdecydowa\u0142o! Laureaci Festiwalu Klasyki Rocka 2022 - Festiwal Klasyki Rocka","og_description":"Sprawd\u017a aktualne informacje o Festiwalu Klasyki Rocka w 2022r.","og_url":"https:\/\/festiwal.rockradio.pl\/?page_id=2385","og_site_name":"Festiwal Klasyki Rocka","article_publisher":"https:\/\/www.facebook.com\/rockradiopl\/","og_image":[{"width":1280,"height":1280,"url":"https:\/\/festiwal.rockradio.pl\/wp-content\/uploads\/2022\/05\/Baboki.jpg","type":"image\/jpeg"}],"twitter_card":"summary_large_image","twitter_misc":{"Szacowany czas czytania":"2 minuty"},"schema":{"@context":"https:\/\/schema.org","@graph":[{"@type":"WebPage","@id":"https:\/\/festiwal.rockradio.pl\/?page_id=2385","url":"https:\/\/festiwal.rockradio.pl\/?page_id=2385","name":"BABOKI! - Jury zdecydowa\u0142o! Laureaci Festiwalu Klasyki Rocka 2022 - Festiwal Klasyki Rocka","isPartOf":{"@id":"https:\/\/festiwal.rockradio.pl\/#website"},"primaryImageOfPage":{"@id":"https:\/\/festiwal.rockradio.pl\/?page_id=2385#primaryimage"},"image":{"@id":"https:\/\/festiwal.rockradio.pl\/?page_id=2385#primaryimage"},"thumbnailUrl":"https:\/\/festiwal.rockradio.pl\/wp-content\/uploads\/2022\/05\/Baboki.jpg","datePublished":"2022-09-12T19:20:25+00:00","description":"Sprawd\u017a aktualne informacje o Festiwalu Klasyki Rocka w 2022r.","breadcrumb":{"@id":"https:\/\/festiwal.rockradio.pl\/?page_id=2385#breadcrumb"},"inLanguage":"pl-PL","potentialAction":[{"@type":"ReadAction","target":["https:\/\/festiwal.rockradio.pl\/?page_id=2385"]}]},{"@type":"ImageObject","inLanguage":"pl-PL","@id":"https:\/\/festiwal.rockradio.pl\/?page_id=2385#primaryimage","url":"https:\/\/festiwal.rockradio.pl\/wp-content\/uploads\/2022\/05\/Baboki.jpg","contentUrl":"https:\/\/festiwal.rockradio.pl\/wp-content\/uploads\/2022\/05\/Baboki.jpg","width":1280,"height":1280,"caption":"Fot. Baboki"},{"@type":"BreadcrumbList","@id":"https:\/\/festiwal.rockradio.pl\/?page_id=2385#breadcrumb","itemListElement":[{"@type":"ListItem","position":1,"name":"Festiwal Klasyki Rocka","item":"https:\/\/festiwal.rockradio.pl\/"},{"@type":"ListItem","position":2,"name":"BABOKI! &#8211; Jury zdecydowa\u0142o! Laureaci Festiwalu Klasyki Rocka 2022"}]},{"@type":"WebSite","@id":"https:\/\/festiwal.rockradio.pl\/#website","url":"https:\/\/festiwal.rockradio.pl\/","name":"Festiwal Klasyki Rocka","description":"","publisher":{"@id":"https:\/\/festiwal.rockradio.pl\/#organization"},"potentialAction":[{"@type":"SearchAction","target":{"@type":"EntryPoint","urlTemplate":"https:\/\/festiwal.rockradio.pl\/?s={search_term_string}"},"query-input":{"@type":"PropertyValueSpecification","valueRequired":true,"valueName":"search_term_string"}}],"inLanguage":"pl-PL"},{"@type":"Organization","@id":"https:\/\/festiwal.rockradio.pl\/#organization","name":"Festiwal Klasyki Rocka","url":"https:\/\/festiwal.rockradio.pl\/","logo":{"@type":"ImageObject","inLanguage":"pl-PL","@id":"https:\/\/festiwal.rockradio.pl\/#\/schema\/logo\/image\/","url":"https:\/\/festiwal.rockradio.pl\/wp-content\/uploads\/2022\/04\/cropped-logo-na-www.png","contentUrl":"https:\/\/festiwal.rockradio.pl\/wp-content\/uploads\/2022\/04\/cropped-logo-na-www.png","width":1000,"height":1000,"caption":"Festiwal Klasyki Rocka"},"image":{"@id":"https:\/\/festiwal.rockradio.pl\/#\/schema\/logo\/image\/"},"sameAs":["https:\/\/www.facebook.com\/rockradiopl\/","https:\/\/www.instagram.com\/rock_radio\/"]}]}},"_links":{"self":[{"href":"https:\/\/festiwal.rockradio.pl\/index.php?rest_route=\/wp\/v2\/pages\/2385","targetHints":{"allow":["GET"]}}],"collection":[{"href":"https:\/\/festiwal.rockradio.pl\/index.php?rest_route=\/wp\/v2\/pages"}],"about":[{"href":"https:\/\/festiwal.rockradio.pl\/index.php?rest_route=\/wp\/v2\/types\/page"}],"author":[{"embeddable":true,"href":"https:\/\/festiwal.rockradio.pl\/index.php?rest_route=\/wp\/v2\/users\/2"}],"replies":[{"embeddable":true,"href":"https:\/\/festiwal.rockradio.pl\/index.php?rest_route=%2Fwp%2Fv2%2Fcomments&post=2385"}],"version-history":[{"count":1,"href":"https:\/\/festiwal.rockradio.pl\/index.php?rest_route=\/wp\/v2\/pages\/2385\/revisions"}],"predecessor-version":[{"id":2387,"href":"https:\/\/festiwal.rockradio.pl\/index.php?rest_route=\/wp\/v2\/pages\/2385\/revisions\/2387"}],"wp:featuredmedia":[{"embeddable":true,"href":"https:\/\/festiwal.rockradio.pl\/index.php?rest_route=\/wp\/v2\/media\/2250"}],"wp:attachment":[{"href":"https:\/\/festiwal.rockradio.pl\/index.php?rest_route=%2Fwp%2Fv2%2Fmedia&parent=2385"}],"curies":[{"name":"wp","href":"https:\/\/api.w.org\/{rel}","templated":true}]}}