{"id":2410,"date":"2022-11-23T17:54:27","date_gmt":"2022-11-23T15:54:27","guid":{"rendered":"https:\/\/festiwal.rockradio.pl\/?page_id=2410"},"modified":"2022-11-23T17:54:27","modified_gmt":"2022-11-23T15:54:27","slug":"posluchaj-rozmowy-z-piotrem-z-zespolu-the-managers","status":"publish","type":"page","link":"https:\/\/festiwal.rockradio.pl\/?page_id=2410","title":{"rendered":"Pos\u0142uchaj rozmowy z Piotrem z zespo\u0142u The Managers"},"content":{"rendered":"\n<p>Niez\u0142ym go\u015bciem u Tomka Obertyna w programie Niez\u0142y Go\u015b\u0107 by\u0142 Piotr z zespo\u0142u The Managers, pos\u0142uchaj ca\u0142ej rozmowy w formie podcastu:<\/p>\n\n\n\n<iframe loading=\"lazy\" frameborder=\"0\" width=\"100%\" height=\"100%\" src=\"https:\/\/audycje.rockradio.tuba.pl\/widget\/2846\"><\/iframe>\n","protected":false},"excerpt":{"rendered":"<p>Niez\u0142ym go\u015bciem u Tomka Obertyna w programie Niez\u0142y Go\u015b\u0107 by\u0142 Piotr z zespo\u0142u The Managers, pos\u0142uchaj ca\u0142ej rozmowy w formie podcastu:<\/p>\n","protected":false},"author":2,"featured_media":2411,"parent":0,"menu_order":0,"comment_status":"closed","ping_status":"closed","template":"","meta":{"footnotes":""},"class_list":["post-2410","page","type-page","status-publish","has-post-thumbnail","hentry"],"yoast_head":"<!-- This site is optimized with the Yoast SEO plugin v26.7 - https:\/\/yoast.com\/wordpress\/plugins\/seo\/ -->\n<title>Pos\u0142uchaj rozmowy z Piotrem z zespo\u0142u The Managers - Festiwal Klasyki Rocka<\/title>\n<meta name=\"description\" content=\"Sprawd\u017a aktualne informacje o Festiwalu Klasyki Rocka w 2022r.\" \/>\n<meta name=\"robots\" content=\"index, follow, max-snippet:-1, max-image-preview:large, max-video-preview:-1\" \/>\n<link rel=\"canonical\" href=\"https:\/\/festiwal.rockradio.pl\/?page_id=2410\" \/>\n<meta property=\"og:locale\" content=\"pl_PL\" \/>\n<meta property=\"og:type\" content=\"article\" \/>\n<meta property=\"og:title\" content=\"Pos\u0142uchaj rozmowy z Piotrem z zespo\u0142u The Managers - Festiwal Klasyki Rocka\" \/>\n<meta property=\"og:description\" content=\"Sprawd\u017a aktualne informacje o Festiwalu Klasyki Rocka w 2022r.\" \/>\n<meta property=\"og:url\" content=\"https:\/\/festiwal.rockradio.pl\/?page_id=2410\" \/>\n<meta property=\"og:site_name\" content=\"Festiwal Klasyki Rocka\" \/>\n<meta property=\"article:publisher\" content=\"https:\/\/www.facebook.com\/rockradiopl\/\" \/>\n<meta property=\"og:image\" content=\"https:\/\/festiwal.rockradio.pl\/wp-content\/uploads\/2022\/11\/the-managers.jpg\" \/>\n\t<meta property=\"og:image:width\" content=\"960\" \/>\n\t<meta property=\"og:image:height\" content=\"600\" \/>\n\t<meta property=\"og:image:type\" content=\"image\/jpeg\" \/>\n<meta name=\"twitter:card\" content=\"summary_large_image\" \/>\n<meta name=\"twitter:label1\" content=\"Szacowany czas czytania\" \/>\n\t<meta name=\"twitter:data1\" content=\"1 minuta\" \/>\n<script type=\"application\/ld+json\" class=\"yoast-schema-graph\">{\"@context\":\"https:\/\/schema.org\",\"@graph\":[{\"@type\":\"WebPage\",\"@id\":\"https:\/\/festiwal.rockradio.pl\/?page_id=2410\",\"url\":\"https:\/\/festiwal.rockradio.pl\/?page_id=2410\",\"name\":\"Pos\u0142uchaj rozmowy z Piotrem z zespo\u0142u The Managers - Festiwal Klasyki Rocka\",\"isPartOf\":{\"@id\":\"https:\/\/festiwal.rockradio.pl\/#website\"},\"primaryImageOfPage\":{\"@id\":\"https:\/\/festiwal.rockradio.pl\/?page_id=2410#primaryimage\"},\"image\":{\"@id\":\"https:\/\/festiwal.rockradio.pl\/?page_id=2410#primaryimage\"},\"thumbnailUrl\":\"https:\/\/festiwal.rockradio.pl\/wp-content\/uploads\/2022\/11\/the-managers.jpg\",\"datePublished\":\"2022-11-23T15:54:27+00:00\",\"description\":\"Sprawd\u017a aktualne informacje o Festiwalu Klasyki Rocka w 2022r.\",\"breadcrumb\":{\"@id\":\"https:\/\/festiwal.rockradio.pl\/?page_id=2410#breadcrumb\"},\"inLanguage\":\"pl-PL\",\"potentialAction\":[{\"@type\":\"ReadAction\",\"target\":[\"https:\/\/festiwal.rockradio.pl\/?page_id=2410\"]}]},{\"@type\":\"ImageObject\",\"inLanguage\":\"pl-PL\",\"@id\":\"https:\/\/festiwal.rockradio.pl\/?page_id=2410#primaryimage\",\"url\":\"https:\/\/festiwal.rockradio.pl\/wp-content\/uploads\/2022\/11\/the-managers.jpg\",\"contentUrl\":\"https:\/\/festiwal.rockradio.pl\/wp-content\/uploads\/2022\/11\/the-managers.jpg\",\"width\":960,\"height\":600},{\"@type\":\"BreadcrumbList\",\"@id\":\"https:\/\/festiwal.rockradio.pl\/?page_id=2410#breadcrumb\",\"itemListElement\":[{\"@type\":\"ListItem\",\"position\":1,\"name\":\"Festiwal Klasyki Rocka\",\"item\":\"https:\/\/festiwal.rockradio.pl\/\"},{\"@type\":\"ListItem\",\"position\":2,\"name\":\"Pos\u0142uchaj rozmowy z Piotrem z zespo\u0142u The Managers\"}]},{\"@type\":\"WebSite\",\"@id\":\"https:\/\/festiwal.rockradio.pl\/#website\",\"url\":\"https:\/\/festiwal.rockradio.pl\/\",\"name\":\"Festiwal Klasyki Rocka\",\"description\":\"\",\"publisher\":{\"@id\":\"https:\/\/festiwal.rockradio.pl\/#organization\"},\"potentialAction\":[{\"@type\":\"SearchAction\",\"target\":{\"@type\":\"EntryPoint\",\"urlTemplate\":\"https:\/\/festiwal.rockradio.pl\/?s={search_term_string}\"},\"query-input\":{\"@type\":\"PropertyValueSpecification\",\"valueRequired\":true,\"valueName\":\"search_term_string\"}}],\"inLanguage\":\"pl-PL\"},{\"@type\":\"Organization\",\"@id\":\"https:\/\/festiwal.rockradio.pl\/#organization\",\"name\":\"Festiwal Klasyki Rocka\",\"url\":\"https:\/\/festiwal.rockradio.pl\/\",\"logo\":{\"@type\":\"ImageObject\",\"inLanguage\":\"pl-PL\",\"@id\":\"https:\/\/festiwal.rockradio.pl\/#\/schema\/logo\/image\/\",\"url\":\"https:\/\/festiwal.rockradio.pl\/wp-content\/uploads\/2022\/04\/cropped-logo-na-www.png\",\"contentUrl\":\"https:\/\/festiwal.rockradio.pl\/wp-content\/uploads\/2022\/04\/cropped-logo-na-www.png\",\"width\":1000,\"height\":1000,\"caption\":\"Festiwal Klasyki Rocka\"},\"image\":{\"@id\":\"https:\/\/festiwal.rockradio.pl\/#\/schema\/logo\/image\/\"},\"sameAs\":[\"https:\/\/www.facebook.com\/rockradiopl\/\",\"https:\/\/www.instagram.com\/rock_radio\/\"]}]}<\/script>\n<!-- \/ Yoast SEO plugin. -->","yoast_head_json":{"title":"Pos\u0142uchaj rozmowy z Piotrem z zespo\u0142u The Managers - Festiwal Klasyki Rocka","description":"Sprawd\u017a aktualne informacje o Festiwalu Klasyki Rocka w 2022r.","robots":{"index":"index","follow":"follow","max-snippet":"max-snippet:-1","max-image-preview":"max-image-preview:large","max-video-preview":"max-video-preview:-1"},"canonical":"https:\/\/festiwal.rockradio.pl\/?page_id=2410","og_locale":"pl_PL","og_type":"article","og_title":"Pos\u0142uchaj rozmowy z Piotrem z zespo\u0142u The Managers - Festiwal Klasyki Rocka","og_description":"Sprawd\u017a aktualne informacje o Festiwalu Klasyki Rocka w 2022r.","og_url":"https:\/\/festiwal.rockradio.pl\/?page_id=2410","og_site_name":"Festiwal Klasyki Rocka","article_publisher":"https:\/\/www.facebook.com\/rockradiopl\/","og_image":[{"width":960,"height":600,"url":"https:\/\/festiwal.rockradio.pl\/wp-content\/uploads\/2022\/11\/the-managers.jpg","type":"image\/jpeg"}],"twitter_card":"summary_large_image","twitter_misc":{"Szacowany czas czytania":"1 minuta"},"schema":{"@context":"https:\/\/schema.org","@graph":[{"@type":"WebPage","@id":"https:\/\/festiwal.rockradio.pl\/?page_id=2410","url":"https:\/\/festiwal.rockradio.pl\/?page_id=2410","name":"Pos\u0142uchaj rozmowy z Piotrem z zespo\u0142u The Managers - Festiwal Klasyki Rocka","isPartOf":{"@id":"https:\/\/festiwal.rockradio.pl\/#website"},"primaryImageOfPage":{"@id":"https:\/\/festiwal.rockradio.pl\/?page_id=2410#primaryimage"},"image":{"@id":"https:\/\/festiwal.rockradio.pl\/?page_id=2410#primaryimage"},"thumbnailUrl":"https:\/\/festiwal.rockradio.pl\/wp-content\/uploads\/2022\/11\/the-managers.jpg","datePublished":"2022-11-23T15:54:27+00:00","description":"Sprawd\u017a aktualne informacje o Festiwalu Klasyki Rocka w 2022r.","breadcrumb":{"@id":"https:\/\/festiwal.rockradio.pl\/?page_id=2410#breadcrumb"},"inLanguage":"pl-PL","potentialAction":[{"@type":"ReadAction","target":["https:\/\/festiwal.rockradio.pl\/?page_id=2410"]}]},{"@type":"ImageObject","inLanguage":"pl-PL","@id":"https:\/\/festiwal.rockradio.pl\/?page_id=2410#primaryimage","url":"https:\/\/festiwal.rockradio.pl\/wp-content\/uploads\/2022\/11\/the-managers.jpg","contentUrl":"https:\/\/festiwal.rockradio.pl\/wp-content\/uploads\/2022\/11\/the-managers.jpg","width":960,"height":600},{"@type":"BreadcrumbList","@id":"https:\/\/festiwal.rockradio.pl\/?page_id=2410#breadcrumb","itemListElement":[{"@type":"ListItem","position":1,"name":"Festiwal Klasyki Rocka","item":"https:\/\/festiwal.rockradio.pl\/"},{"@type":"ListItem","position":2,"name":"Pos\u0142uchaj rozmowy z Piotrem z zespo\u0142u The Managers"}]},{"@type":"WebSite","@id":"https:\/\/festiwal.rockradio.pl\/#website","url":"https:\/\/festiwal.rockradio.pl\/","name":"Festiwal Klasyki Rocka","description":"","publisher":{"@id":"https:\/\/festiwal.rockradio.pl\/#organization"},"potentialAction":[{"@type":"SearchAction","target":{"@type":"EntryPoint","urlTemplate":"https:\/\/festiwal.rockradio.pl\/?s={search_term_string}"},"query-input":{"@type":"PropertyValueSpecification","valueRequired":true,"valueName":"search_term_string"}}],"inLanguage":"pl-PL"},{"@type":"Organization","@id":"https:\/\/festiwal.rockradio.pl\/#organization","name":"Festiwal Klasyki Rocka","url":"https:\/\/festiwal.rockradio.pl\/","logo":{"@type":"ImageObject","inLanguage":"pl-PL","@id":"https:\/\/festiwal.rockradio.pl\/#\/schema\/logo\/image\/","url":"https:\/\/festiwal.rockradio.pl\/wp-content\/uploads\/2022\/04\/cropped-logo-na-www.png","contentUrl":"https:\/\/festiwal.rockradio.pl\/wp-content\/uploads\/2022\/04\/cropped-logo-na-www.png","width":1000,"height":1000,"caption":"Festiwal Klasyki Rocka"},"image":{"@id":"https:\/\/festiwal.rockradio.pl\/#\/schema\/logo\/image\/"},"sameAs":["https:\/\/www.facebook.com\/rockradiopl\/","https:\/\/www.instagram.com\/rock_radio\/"]}]}},"_links":{"self":[{"href":"https:\/\/festiwal.rockradio.pl\/index.php?rest_route=\/wp\/v2\/pages\/2410","targetHints":{"allow":["GET"]}}],"collection":[{"href":"https:\/\/festiwal.rockradio.pl\/index.php?rest_route=\/wp\/v2\/pages"}],"about":[{"href":"https:\/\/festiwal.rockradio.pl\/index.php?rest_route=\/wp\/v2\/types\/page"}],"author":[{"embeddable":true,"href":"https:\/\/festiwal.rockradio.pl\/index.php?rest_route=\/wp\/v2\/users\/2"}],"replies":[{"embeddable":true,"href":"https:\/\/festiwal.rockradio.pl\/index.php?rest_route=%2Fwp%2Fv2%2Fcomments&post=2410"}],"version-history":[{"count":1,"href":"https:\/\/festiwal.rockradio.pl\/index.php?rest_route=\/wp\/v2\/pages\/2410\/revisions"}],"predecessor-version":[{"id":2412,"href":"https:\/\/festiwal.rockradio.pl\/index.php?rest_route=\/wp\/v2\/pages\/2410\/revisions\/2412"}],"wp:featuredmedia":[{"embeddable":true,"href":"https:\/\/festiwal.rockradio.pl\/index.php?rest_route=\/wp\/v2\/media\/2411"}],"wp:attachment":[{"href":"https:\/\/festiwal.rockradio.pl\/index.php?rest_route=%2Fwp%2Fv2%2Fmedia&parent=2410"}],"curies":[{"name":"wp","href":"https:\/\/api.w.org\/{rel}","templated":true}]}}